{"id":3,"date":"2023-12-18T09:34:38","date_gmt":"2023-12-18T09:34:38","guid":{"rendered":"https:\/\/test.developers-idc.website\/?page_id=3"},"modified":"2024-05-28T11:49:57","modified_gmt":"2024-05-28T11:49:57","slug":"politikat-e-privatesise","status":"publish","type":"page","link":"https:\/\/mytoys-ks.com\/en\/politikat-e-privatesise\/","title":{"rendered":"Privacy policies"},"content":{"rendered":"<div data-elementor-type=\"wp-page\" data-elementor-id=\"3\" class=\"elementor elementor-3\" data-elementor-post-type=\"page\">\n\t\t\t\t<div class=\"elementor-element elementor-element-32f3f797 e-flex e-con-boxed e-con e-parent\" data-id=\"32f3f797\" data-element_type=\"container\" data-e-type=\"container\">\n\t\t\t\t\t<div class=\"e-con-inner\">\n\t\t\t\t<div class=\"elementor-element elementor-element-6e312cca elementor-widget elementor-widget-text-editor\" data-id=\"6e312cca\" data-element_type=\"widget\" data-e-type=\"widget\" data-widget_type=\"text-editor.default\">\n\t\t\t\t<div class=\"elementor-widget-container\">\n\t\t\t\t\t\t\t\t\t<p><\/p>\n<h2 class=\"wp-block-heading\">Who are we<\/h2>\n<p>Our website domain is: <b>https:\/\/mytoys-ks.com<\/b><\/p>\n<p>My Toys was founded in 2022. Our company operates in the Republic of Kosovo in accordance with the country's legislation. My Toys company's business number is 811962770. All final prices of listed items in this website are inclusive of VAT.<\/p>\n<h2>Shipment<\/h2>\n<p>Shipment services offered by My Toys are executed through a local contractor. All orders are scheduled to arrive within 2 to 3 business days after receiving cleared payment. This is valid for orders placed in the Republic of Kosovo. For orders placed in Albania or North Macedonia the delivery is scheduled to be completed in 5 working days after receiving clear payment.\u00a0<\/p>\n<h2>Comments<\/h2>\n<p>When visitors leave comments on the site, we collect the data submitted in the comment form, as well as the visitor's IP address and browser user agent string to help detect spam.<\/p>\n<p>An anonymous string generated from your email address (also called a hash) may be provided to the Gravatar service to see if you are using it. The privacy policy of the Gravatar service is available here: https:\/\/automattic.com\/privacy\/. After your comment is approved, your profile picture is visible to the public in the context of your comment.<\/p>\n<h2>Media<\/h2>\n<p>If you upload images to the website, you should avoid uploading images with embedded location data (EXIF GPS). Visitors to the website can download and extract any location data from the images on the website.<\/p>\n<h2>Cookies<\/h2>\n<p><strong>Suggested text:<\/strong>\u00a0If you leave a comment on our site, you can choose to save your name, email address and website in cookies. These are for your convenience so you don't have to fill in your details again when you leave another comment. These cookies will last for a year.<\/p>\n<p>If you visit our login page, we will set a temporary cookie to determine if your browser accepts cookies. This cookie does not contain personal data and is discarded when you close your browser.<\/p>\n<p>When you log in, we will also set some cookies to store your login information and your screen choices. Login cookies last two days, and display options files last one year. If you select \"Remember me\", your login will continue for two weeks. If you log out of your account, the login files will be removed.<\/p>\n<p>If you edit or publish an article, an additional cookie will be stored in your browser. This cookie does not include personal data and simply shows the post ID of the article you just edited. Expires after 1 day.<\/p>\n<h2>Embedded content from other websites<\/h2>\n<p>Articles on this site may include embedded content (eg videos, images, articles, etc.). Embedded content from other websites behaves in the same way as if the visitor had visited the other website.<\/p>\n<p>These websites may collect data about you, use cookies, embed additional third-party tracking, and monitor your interaction with that embedded content, including tracking your interaction with the embedded content if you have an account and you are logged in to that website.<\/p>\n<h2>Who we share your data with<\/h2>\n<p>If you request a password reset, your IP address will be included in the reset email.<\/p>\n<h2>How long we keep your data<\/h2>\n<p>If you leave a comment, the comment and its metadata are retained indefinitely. This is so we can recognize and approve each subsequent comment automatically instead of holding them in a moderation queue.<\/p>\n<p>For users who register on our website (if any), we also store the personal information they provide in their user profile. All users can view, edit or delete their personal information at any time (except that they cannot change their username). Website administrators can also view and edit that information.<\/p>\n<h2>What rights you have over your data<\/h2>\n<p>If you have an account on this site, or have left feedback, you can request to receive an exported file of the personal data we hold about you, including any data you have provided to us. You can also request that we delete any personal data we hold about you. This does not include any data that we are obliged to keep for administrative, legal or security purposes.<\/p>\n<h2>Where your data is sent<\/h2>\n<p>Visitor comments may be screened through an automated spam detection service.<\/p>\n<p><\/p>\t\t\t\t\t\t\t\t<\/div>\n\t\t\t\t<\/div>\n\t\t\t\t\t<\/div>\n\t\t\t\t<\/div>\n\t\t\t\t<\/div>","protected":false},"excerpt":{"rendered":"<p>Kush jemi ne Adresa jon\u00eb e internetit \u00ebsht\u00eb: https:\/\/mytoys-ks.com My Toys shpk \u00ebsht\u00eb themeluar n\u00eb vitin 2022. Kompania jon\u00eb vepron konform ligjeve t\u00eb Republik\u00ebs s\u00eb Kosov\u00ebs, me num\u00ebr biznesi 811962770. T\u00eb gjitha \u00e7mimet finale t\u00eb artikujve q\u00eb jan\u00eb t\u00eb listuar n\u00eb k\u00ebt\u00eb website jan\u00eb me TVSH. Sh\u00ebrbimet postare D\u00ebrgesat postare q\u00eb ofron My Toys realizohen [&hellip;]<\/p>\n","protected":false},"author":1,"featured_media":0,"parent":0,"menu_order":0,"comment_status":"closed","ping_status":"closed","template":"","meta":{"footnotes":"","_elementor_edit_mode":"builder","_elementor_template_type":"wp-page","_elementor_data":"[{\"id\":\"32f3f797\",\"elType\":\"container\",\"settings\":[],\"elements\":[{\"id\":\"6e312cca\",\"elType\":\"widget\",\"settings\":{\"editor\":\"<p><!-- wp:heading --><\\\/p>\\n<h2>Kush jemi ne<\\\/h2>\\n<p>Adresa jon\\u00eb e internetit \\u00ebsht\\u00eb: <b>https:\\\/\\\/mytoys-ks.com<\\\/b><\\\/p>\\n<p>My Toys shpk \\u00ebsht\\u00eb themeluar n\\u00eb vitin 2022. Kompania jon\\u00eb vepron konform ligjeve t\\u00eb Republik\\u00ebs s\\u00eb Kosov\\u00ebs, me num\\u00ebr biznesi 811962770. T\\u00eb gjitha \\u00e7mimet finale t\\u00eb artikujve q\\u00eb jan\\u00eb t\\u00eb listuar n\\u00eb k\\u00ebt\\u00eb website jan\\u00eb me TVSH.<\\\/p>\\n<h2>Sh\\u00ebrbimet postare<\\\/h2>\\n<p>D\\u00ebrgesat postare q\\u00eb ofron My Toys realizohen n\\u00eb bashk\\u00ebpunim me kontraktor\\u00eb lokal. Afati i d\\u00ebrges\\u00ebs s\\u00eb mallit \\u00ebsht\\u00eb 2 deri 3 dit\\u00eb pune nga momenti i pranimit t\\u00eb pages\\u00ebs. Kjo vlen p\\u00ebr porosit\\u00eb e realizuara brenda Republik\\u00ebs s\\u00eb Kosov\\u00ebs. P\\u00ebr porosi n\\u00eb Ship\\u00ebri apo Maqedonin\\u00eb Veriore afati i d\\u00ebrges\\u00ebs \\u00ebsht\\u00eb 5 dit\\u00eb pune nga momenti i pranimit t\\u00eb pages\\u00ebs.\\u00a0<\\\/p>\\n<h2>Komentet<\\\/h2>\\n<p>Kur vizitor\\u00ebt l\\u00ebn\\u00eb komente n\\u00eb sajt, ne mbledhim t\\u00eb dh\\u00ebnat e paraqitura n\\u00eb formularin e komenteve, si dhe adres\\u00ebn IP t\\u00eb vizitorit dhe vargun e agjentit t\\u00eb p\\u00ebrdoruesit t\\u00eb shfletuesit p\\u00ebr t\\u00eb ndihmuar n\\u00eb zbulimin e post\\u00ebs s\\u00eb pad\\u00ebshiruar.<\\\/p>\\n<p>Nj\\u00eb varg anonim i krijuar nga adresa juaj e emailit (i quajtur edhe hash) mund t'i ofrohet sh\\u00ebrbimit Gravatar p\\u00ebr t\\u00eb par\\u00eb n\\u00ebse po e p\\u00ebrdorni. Politika e privat\\u00ebsis\\u00eb s\\u00eb sh\\u00ebrbimit Gravatar \\u00ebsht\\u00eb e disponueshme k\\u00ebtu: https:\\\/\\\/automattic.com\\\/privacy\\\/. Pas miratimit t\\u00eb komentit tuaj, fotografia juaj e profilit \\u00ebsht\\u00eb e dukshme p\\u00ebr publikun n\\u00eb kontekstin e komentit tuaj.<\\\/p>\\n<h2>Media<\\\/h2>\\n<p>N\\u00ebse ngarkoni imazhe n\\u00eb faqen e internetit, duhet t\\u00eb shmangni ngarkimin e imazheve me t\\u00eb dh\\u00ebna t\\u00eb ngulitura t\\u00eb vendndodhjes (EXIF GPS). Vizitor\\u00ebt n\\u00eb faqen e internetit mund t\\u00eb shkarkojn\\u00eb dhe nxjerrin \\u00e7do t\\u00eb dh\\u00ebn\\u00eb t\\u00eb vendndodhjes nga imazhet n\\u00eb faqen e internetit.<\\\/p>\\n<h2>Biskota<\\\/h2>\\n<p><strong>Teksti i sugjeruar:<\\\/strong>\\u00a0N\\u00ebse lini nj\\u00eb koment n\\u00eb faqen ton\\u00eb, mund t\\u00eb zgjidhni t\\u00eb ruani emrin, adres\\u00ebn e emailit dhe faqen tuaj te internetit n\\u00eb cookie. K\\u00ebto jan\\u00eb p\\u00ebr leht\\u00ebsin\\u00eb tuaj, n\\u00eb m\\u00ebnyr\\u00eb q\\u00eb t\\u00eb mos keni nevoj\\u00eb t\\u00eb plot\\u00ebsoni p\\u00ebrs\\u00ebri t\\u00eb dh\\u00ebnat tuaja kur t\\u00eb lini nj\\u00eb koment tjet\\u00ebr. K\\u00ebto biskota do t\\u00eb zgjasin p\\u00ebr nj\\u00eb vit.<\\\/p>\\n<p>N\\u00ebse vizitoni faqen ton\\u00eb t\\u00eb identifikimit, ne do t\\u00eb vendosim nj\\u00eb cookie t\\u00eb p\\u00ebrkohshme p\\u00ebr t\\u00eb p\\u00ebrcaktuar n\\u00ebse shfletuesi juaj pranon cookie. Kjo cookie nuk p\\u00ebrmban t\\u00eb dh\\u00ebna personale dhe hidhet posht\\u00eb kur mbyllni shfletuesin tuaj.<\\\/p>\\n<p>Kur t\\u00eb identifikoheni, ne do t\\u00eb konfigurojm\\u00eb gjithashtu disa skedar\\u00eb kuki p\\u00ebr t\\u00eb ruajtur informacionin tuaj t\\u00eb hyrjes dhe zgjedhjet e ekranit tuaj. Kukit e hyrjes zgjasin dy dit\\u00eb, dhe skedar\\u00ebt e opsioneve t\\u00eb ekranit zgjasin nj\\u00eb vit. N\\u00ebse zgjidhni \\\"M\\u00eb mbaj mend\\\", identifikimi juaj do t\\u00eb vazhdoj\\u00eb p\\u00ebr dy jav\\u00eb. N\\u00ebse dilni nga llogaria juaj, skedar\\u00ebt e identifikimit do t\\u00eb hiqen.<\\\/p>\\n<p>N\\u00ebse redaktoni ose publikoni nj\\u00eb artikull, nj\\u00eb cookie shtes\\u00eb do t\\u00eb ruhet n\\u00eb shfletuesin tuaj. Kjo cookie nuk p\\u00ebrfshin t\\u00eb dh\\u00ebna personale dhe thjesht tregon ID-n\\u00eb e postimit t\\u00eb artikullit q\\u00eb sapo keni redaktuar. Skadon pas 1 dite.<\\\/p>\\n<h2>P\\u00ebrmbajtje e integruar nga faqet e tjera t\\u00eb internetit<\\\/h2>\\n<p>Artikujt n\\u00eb k\\u00ebt\\u00eb sajt mund t\\u00eb p\\u00ebrfshijn\\u00eb p\\u00ebrmbajtje t\\u00eb integruar (p.sh. video, imazhe, artikuj, etj.). P\\u00ebrmbajtja e integruar nga faqet e tjera t\\u00eb internetit sillet n\\u00eb t\\u00eb nj\\u00ebjt\\u00ebn m\\u00ebnyr\\u00eb sikur vizitori t\\u00eb ket\\u00eb vizituar faqen tjet\\u00ebr t\\u00eb internetit.<\\\/p>\\n<p>K\\u00ebto faqe interneti mund t\\u00eb mbledhin t\\u00eb dh\\u00ebna p\\u00ebr ju, t\\u00eb p\\u00ebrdorin skedar\\u00eb kuki, t\\u00eb ngulitin gjurmime shtes\\u00eb t\\u00eb pal\\u00ebve t\\u00eb treta dhe t\\u00eb monitorojn\\u00eb nd\\u00ebrveprimin tuaj me at\\u00eb p\\u00ebrmbajtje t\\u00eb integruar, duke p\\u00ebrfshir\\u00eb ndjekjen e nd\\u00ebrveprimit tuaj me p\\u00ebrmbajtjen e integruar n\\u00ebse keni nj\\u00eb llogari dhe jeni identifikuar n\\u00eb at\\u00eb faqe interneti.<\\\/p>\\n<h2>Me k\\u00eb i ndajm\\u00eb t\\u00eb dh\\u00ebnat tuaja<\\\/h2>\\n<p>N\\u00ebse k\\u00ebrkoni nj\\u00eb rivendosje t\\u00eb fjal\\u00ebkalimit, adresa juaj IP do t\\u00eb p\\u00ebrfshihet n\\u00eb emailin e rivendosur.<\\\/p>\\n<h2>P\\u00ebr sa koh\\u00eb i ruajm\\u00eb t\\u00eb dh\\u00ebnat tuaja<\\\/h2>\\n<p>N\\u00ebse lini nj\\u00eb koment, komenti dhe meta t\\u00eb dh\\u00ebnat e tij mbahen p\\u00ebr nj\\u00eb koh\\u00eb t\\u00eb pacaktuar. Kjo \\u00ebsht\\u00eb k\\u00ebshtu q\\u00eb ne mund t\\u00eb njohim dhe miratojm\\u00eb \\u00e7do koment pasues automatikisht n\\u00eb vend q\\u00eb t'i mbajm\\u00eb n\\u00eb nj\\u00eb radh\\u00eb moderimi.<\\\/p>\\n<p>P\\u00ebr p\\u00ebrdoruesit q\\u00eb regjistrohen n\\u00eb faqen ton\\u00eb t\\u00eb internetit (n\\u00ebse ka), ne ruajm\\u00eb gjithashtu informacionin personal q\\u00eb ata japin n\\u00eb profilin e tyre t\\u00eb p\\u00ebrdoruesit. T\\u00eb gjith\\u00eb p\\u00ebrdoruesit mund t\\u00eb shohin, modifikojn\\u00eb ose fshijn\\u00eb informacionin e tyre personal n\\u00eb \\u00e7do koh\\u00eb (p\\u00ebrve\\u00e7 q\\u00eb nuk mund t\\u00eb ndryshojn\\u00eb emrin e p\\u00ebrdoruesit). Administrator\\u00ebt e faqes n\\u00eb internet gjithashtu mund ta shohin dhe modifikojn\\u00eb at\\u00eb informacion.<\\\/p>\\n<h2>\\u00c7far\\u00eb t\\u00eb drejtash keni mbi t\\u00eb dh\\u00ebnat tuaja<\\\/h2>\\n<p>N\\u00ebse keni nj\\u00eb llogari n\\u00eb k\\u00ebt\\u00eb sajt, ose keni l\\u00ebn\\u00eb komente, mund t\\u00eb k\\u00ebrkoni t\\u00eb merrni nj\\u00eb skedar t\\u00eb eksportuar t\\u00eb t\\u00eb dh\\u00ebnave personale q\\u00eb mbajm\\u00eb p\\u00ebr ju, duke p\\u00ebrfshir\\u00eb \\u00e7do t\\u00eb dh\\u00ebn\\u00eb q\\u00eb na keni dh\\u00ebn\\u00eb. Ju gjithashtu mund t\\u00eb k\\u00ebrkoni q\\u00eb ne t\\u00eb fshijm\\u00eb \\u00e7do t\\u00eb dh\\u00ebn\\u00eb personale q\\u00eb mbajm\\u00eb p\\u00ebr ju. Kjo nuk p\\u00ebrfshin asnj\\u00eb t\\u00eb dh\\u00ebn\\u00eb q\\u00eb ne jemi t\\u00eb detyruar t\\u00eb mbajm\\u00eb p\\u00ebr q\\u00ebllime administrative, ligjore ose sigurie.<\\\/p>\\n<h2>Ku d\\u00ebrgohen t\\u00eb dh\\u00ebnat tuaja<\\\/h2>\\n<p>Komentet e vizitor\\u00ebve mund t\\u00eb kontrollohen n\\u00ebp\\u00ebrmjet nj\\u00eb sh\\u00ebrbimi t\\u00eb automatizuar t\\u00eb zbulimit t\\u00eb post\\u00ebs s\\u00eb pad\\u00ebshiruar.<\\\/p>\\n<p><!-- \\\/wp:paragraph --><\\\/p>\"},\"elements\":[],\"widgetType\":\"text-editor\"}],\"isInner\":false}]","_elementor_page_settings":null,"_elementor_conditions":[]},"class_list":["post-3","page","type-page","status-publish","hentry"],"jetpack_sharing_enabled":true,"_links":{"self":[{"href":"https:\/\/mytoys-ks.com\/en\/wp-json\/wp\/v2\/pages\/3","targetHints":{"allow":["GET"]}}],"collection":[{"href":"https:\/\/mytoys-ks.com\/en\/wp-json\/wp\/v2\/pages"}],"about":[{"href":"https:\/\/mytoys-ks.com\/en\/wp-json\/wp\/v2\/types\/page"}],"author":[{"embeddable":true,"href":"https:\/\/mytoys-ks.com\/en\/wp-json\/wp\/v2\/users\/1"}],"replies":[{"embeddable":true,"href":"https:\/\/mytoys-ks.com\/en\/wp-json\/wp\/v2\/comments?post=3"}],"version-history":[{"count":13,"href":"https:\/\/mytoys-ks.com\/en\/wp-json\/wp\/v2\/pages\/3\/revisions"}],"predecessor-version":[{"id":6096,"href":"https:\/\/mytoys-ks.com\/en\/wp-json\/wp\/v2\/pages\/3\/revisions\/6096"}],"wp:attachment":[{"href":"https:\/\/mytoys-ks.com\/en\/wp-json\/wp\/v2\/media?parent=3"}],"curies":[{"name":"wp","href":"https:\/\/api.w.org\/{rel}","templated":true}]}}