{"id":3421,"date":"2024-01-16T09:54:15","date_gmt":"2024-01-16T09:54:15","guid":{"rendered":"https:\/\/test.developers-idc.website\/?page_id=3421"},"modified":"2024-05-21T15:11:57","modified_gmt":"2024-05-21T15:11:57","slug":"ofertat","status":"publish","type":"page","link":"https:\/\/mytoys-ks.com\/en\/ofertat\/","title":{"rendered":"Deals"},"content":{"rendered":"<div data-elementor-type=\"wp-page\" data-elementor-id=\"3421\" class=\"elementor elementor-3421\" data-elementor-post-type=\"page\">\n\t\t\t\t<div class=\"elementor-element elementor-element-7ab2d88 e-flex e-con-boxed e-con e-parent\" data-id=\"7ab2d88\" data-element_type=\"container\" data-e-type=\"container\">\n\t\t\t\t\t<div class=\"e-con-inner\">\n\t\t<div class=\"elementor-element elementor-element-2d34cd1 e-con-full e-flex e-con e-child\" data-id=\"2d34cd1\" data-element_type=\"container\" data-e-type=\"container\">\n\t\t\t\t<div class=\"elementor-element elementor-element-7440fb6 elementor-widget elementor-widget-rtsb-products-grid\" data-id=\"7440fb6\" data-element_type=\"widget\" data-e-type=\"widget\" data-widget_type=\"rtsb-products-grid.default\">\n\t\t\t\t<div class=\"elementor-widget-container\">\n\t\t\t\t\t<div id=\"rtsb-container-2164007541\" class=\"rtsb-elementor-container products rtsb-pos-r rtsb-products-container no-clear-btn rtsb-no-pagination badge-top badge-left has-cart-text img-hover-zoom_in gallery-hover-fade excerpt-below no-compare-icon no-quick_checkout-icon\" style=\"--rtsb-default-columns: 4\" data-layout=\"grid-layout1\" data-tooltip-position=\"top\"><div class=\"rtsb-row rtsb-content-loader element-loading rtsb-mobile-flex-row rtsb-grid-layout1 rtsb-even rtsb-pre-loader\"><div class=\"rtsb-notice woocommerce-no-products-found\">\n\t\t\t\t<div class=\"woocommerce-info\">No products were found matching your selection.<\/div>\n\t\t\t<\/div><\/div><!-- .rtsb-row --><div class=\"rtsb-elements-loading rtsb-ball-clip-rotate\"><div><\/div><\/div><\/div><!-- .rtsb-elementor-container -->\t\t\t\t<\/div>\n\t\t\t\t<\/div>\n\t\t\t\t<\/div>\n\t\t\t\t\t<\/div>\n\t\t\t\t<\/div>\n\t\t\t\t<\/div>","protected":false},"excerpt":{"rendered":"<p>Shto n\u00eb shport\u00eb Add to Wishlist Quick View LODER VETURE ME FUNKSIONE 15,40&nbsp;&euro; Shto n\u00eb shport\u00eb Add to Wishlist Quick View LODR KAMION ME VETURA 12,11&nbsp;&euro; Shto n\u00eb shport\u00eb Add to Wishlist Quick View LODER VETURE POLICIE ME FUNKSIONE 12,05&nbsp;&euro; Shto n\u00eb shport\u00eb Add to Wishlist Quick View LODER ARKE PER SHITJE ME FUNKSIONE 10,60&nbsp;&euro;<\/p>","protected":false},"author":1,"featured_media":0,"parent":0,"menu_order":0,"comment_status":"closed","ping_status":"closed","template":"elementor_header_footer","meta":{"footnotes":"","_elementor_edit_mode":"builder","_elementor_template_type":"wp-page","_elementor_data":"[{\"id\":\"7ab2d88\",\"elType\":\"container\",\"settings\":{\"flex_direction\":\"row\",\"flex_gap\":{\"unit\":\"px\",\"size\":0,\"column\":\"0\",\"row\":\"0\"},\"boxed_width\":{\"unit\":\"px\",\"size\":1200,\"sizes\":[]},\"padding\":{\"unit\":\"px\",\"top\":\"60\",\"right\":\"0\",\"bottom\":\"60\",\"left\":\"0\",\"isLinked\":false}},\"elements\":[{\"id\":\"2d34cd1\",\"elType\":\"container\",\"settings\":{\"flex_direction\":\"column\",\"content_width\":\"full\",\"width\":{\"unit\":\"%\",\"size\":100},\"padding\":{\"unit\":\"px\",\"top\":\"0\",\"right\":\"12\",\"bottom\":\"0\",\"left\":\"12\",\"isLinked\":false}},\"elements\":[{\"id\":\"7440fb6\",\"elType\":\"widget\",\"settings\":{\"action_btn_preset\":\"preset4\",\"filter_categories\":[\"122\"],\"tax_show_all_text\":\"All\",\"load_more_text\":\"Load More\",\"content_ordering\":[{\"ordering_title\":\"Variation Swatches\",\"ordering_type\":\"swatches\",\"_id\":\"bc9b966\"},{\"ordering_title\":\"Product Categories\",\"ordering_type\":\"categories\",\"_id\":\"ffa12e6\"},{\"ordering_title\":\"Product Title\",\"ordering_type\":\"title\",\"_id\":\"d24f1f2\"},{\"ordering_title\":\"Product Rating\",\"ordering_type\":\"rating\",\"_id\":\"44f145c\"},{\"ordering_title\":\"Short Description\",\"ordering_type\":\"description\",\"_id\":\"7c77478\"},{\"ordering_title\":\"Product Price\",\"ordering_type\":\"price\",\"_id\":\"76a2329\"},{\"ordering_title\":\"Product Stock Count\",\"ordering_type\":\"stock\",\"_id\":\"9f8f572\"}],\"add_to_cart_text\":\"Shto n\\u00eb shport\\u00eb\",\"add_to_cart_success_text\":\"Added!\",\"sale_badges_text\":\"Sale\",\"stock_badges_text\":\"Out of Stock\",\"custom_badge_text\":\"Popular\",\"stock_text\":\"Only {count} item(s) left in stock.\",\"hover_btn_text\":\"See Details\"},\"elements\":[],\"widgetType\":\"rtsb-products-grid\"}],\"isInner\":true}],\"isInner\":false}]","_elementor_page_settings":null,"_elementor_conditions":[]},"class_list":["post-3421","page","type-page","status-publish","hentry"],"jetpack_sharing_enabled":true,"_links":{"self":[{"href":"https:\/\/mytoys-ks.com\/en\/wp-json\/wp\/v2\/pages\/3421","targetHints":{"allow":["GET"]}}],"collection":[{"href":"https:\/\/mytoys-ks.com\/en\/wp-json\/wp\/v2\/pages"}],"about":[{"href":"https:\/\/mytoys-ks.com\/en\/wp-json\/wp\/v2\/types\/page"}],"author":[{"embeddable":true,"href":"https:\/\/mytoys-ks.com\/en\/wp-json\/wp\/v2\/users\/1"}],"replies":[{"embeddable":true,"href":"https:\/\/mytoys-ks.com\/en\/wp-json\/wp\/v2\/comments?post=3421"}],"version-history":[{"count":10,"href":"https:\/\/mytoys-ks.com\/en\/wp-json\/wp\/v2\/pages\/3421\/revisions"}],"predecessor-version":[{"id":5791,"href":"https:\/\/mytoys-ks.com\/en\/wp-json\/wp\/v2\/pages\/3421\/revisions\/5791"}],"wp:attachment":[{"href":"https:\/\/mytoys-ks.com\/en\/wp-json\/wp\/v2\/media?parent=3421"}],"curies":[{"name":"wp","href":"https:\/\/api.w.org\/{rel}","templated":true}]}}